{"id":8,"date":"2026-02-04T13:25:47","date_gmt":"2026-02-04T13:25:47","guid":{"rendered":"https:\/\/alsinais.com.br\/?page_id=8"},"modified":"2026-03-10T18:39:39","modified_gmt":"2026-03-10T18:39:39","slug":"whats","status":"publish","type":"page","link":"https:\/\/alsinais.com.br\/whats\/","title":{"rendered":"Whats"},"content":{"rendered":"\t\t<div data-elementor-type=\"wp-page\" data-elementor-id=\"8\" class=\"elementor elementor-8\" data-elementor-post-type=\"page\">\n\t\t\t\t<div class=\"elementor-element elementor-element-4d6ceca5 e-grid e-con-boxed e-con e-parent\" data-id=\"4d6ceca5\" data-element_type=\"container\" data-e-type=\"container\" data-settings=\"{&quot;background_background&quot;:&quot;classic&quot;}\">\n\t\t\t\t\t<div class=\"e-con-inner\">\n\t\t<div class=\"elementor-element elementor-element-56ccdfba e-con-full elementor-hidden-mobile e-flex e-con e-child\" data-id=\"56ccdfba\" data-element_type=\"container\" data-e-type=\"container\">\n\t\t\t\t<div class=\"elementor-element elementor-element-35eb6639 elementor-widget__width-initial elementor-hidden-mobile elementor-view-default elementor-widget elementor-widget-icon\" data-id=\"35eb6639\" data-element_type=\"widget\" data-e-type=\"widget\" data-widget_type=\"icon.default\">\n\t\t\t\t\t\t\t<div class=\"elementor-icon-wrapper\">\n\t\t\t<div class=\"elementor-icon\">\n\t\t\t<svg aria-hidden=\"true\" class=\"e-font-icon-svg e-fas-angle-left\" viewBox=\"0 0 256 512\" xmlns=\"http:\/\/www.w3.org\/2000\/svg\"><path d=\"M31.7 239l136-136c9.4-9.4 24.6-9.4 33.9 0l22.6 22.6c9.4 9.4 9.4 24.6 0 33.9L127.9 256l96.4 96.4c9.4 9.4 9.4 24.6 0 33.9L201.7 409c-9.4 9.4-24.6 9.4-33.9 0l-136-136c-9.5-9.4-9.5-24.6-.1-34z\"><\/path><\/svg>\t\t\t<\/div>\n\t\t<\/div>\n\t\t\t\t\t\t<\/div>\n\t\t\t\t<\/div>\n\t\t<div class=\"elementor-element elementor-element-1a1b61dd e-con-full e-grid e-con e-child\" data-id=\"1a1b61dd\" data-element_type=\"container\" data-e-type=\"container\">\n\t\t\t\t<div class=\"elementor-element elementor-element-2bdb21ab elementor-view-default elementor-widget elementor-widget-icon\" data-id=\"2bdb21ab\" data-element_type=\"widget\" data-e-type=\"widget\" data-widget_type=\"icon.default\">\n\t\t\t\t\t\t\t<div class=\"elementor-icon-wrapper\">\n\t\t\t<div class=\"elementor-icon\">\n\t\t\t<svg aria-hidden=\"true\" class=\"e-font-icon-svg e-fab-whatsapp\" viewBox=\"0 0 448 512\" xmlns=\"http:\/\/www.w3.org\/2000\/svg\"><path d=\"M380.9 97.1C339 55.1 283.2 32 223.9 32c-122.4 0-222 99.6-222 222 0 39.1 10.2 77.3 29.6 111L0 480l117.7-30.9c32.4 17.7 68.9 27 106.1 27h.1c122.3 0 224.1-99.6 224.1-222 0-59.3-25.2-115-67.1-157zm-157 341.6c-33.2 0-65.7-8.9-94-25.7l-6.7-4-69.8 18.3L72 359.2l-4.4-7c-18.5-29.4-28.2-63.3-28.2-98.2 0-101.7 82.8-184.5 184.6-184.5 49.3 0 95.6 19.2 130.4 54.1 34.8 34.9 56.2 81.2 56.1 130.5 0 101.8-84.9 184.6-186.6 184.6zm101.2-138.2c-5.5-2.8-32.8-16.2-37.9-18-5.1-1.9-8.8-2.8-12.5 2.8-3.7 5.6-14.3 18-17.6 21.8-3.2 3.7-6.5 4.2-12 1.4-32.6-16.3-54-29.1-75.5-66-5.7-9.8 5.7-9.1 16.3-30.3 1.8-3.7.9-6.9-.5-9.7-1.4-2.8-12.5-30.1-17.1-41.2-4.5-10.8-9.1-9.3-12.5-9.5-3.2-.2-6.9-.2-10.6-.2-3.7 0-9.7 1.4-14.8 6.9-5.1 5.6-19.4 19-19.4 46.3 0 27.3 19.9 53.7 22.6 57.4 2.8 3.7 39.1 59.7 94.8 83.8 35.2 15.2 49 16.5 66.6 13.9 10.7-1.6 32.8-13.4 37.4-26.4 4.6-13 4.6-24.1 3.2-26.4-1.3-2.5-5-3.9-10.5-6.6z\"><\/path><\/svg>\t\t\t<\/div>\n\t\t<\/div>\n\t\t\t\t\t\t<\/div>\n\t\t\t\t<div class=\"elementor-element elementor-element-5abeef45 elementor-widget elementor-widget-heading\" data-id=\"5abeef45\" data-element_type=\"widget\" data-e-type=\"widget\" data-widget_type=\"heading.default\">\n\t\t\t\t\t<h2 class=\"elementor-heading-title elementor-size-default\">Whatsapp<\/h2>\t\t\t\t<\/div>\n\t\t\t\t<\/div>\n\t\t<div class=\"elementor-element elementor-element-28b41096 e-con-full e-flex e-con e-child\" data-id=\"28b41096\" data-element_type=\"container\" data-e-type=\"container\">\n\t\t\t\t<div class=\"elementor-element elementor-element-350af3c8 elementor-widget elementor-widget-image\" data-id=\"350af3c8\" data-element_type=\"widget\" data-e-type=\"widget\" data-widget_type=\"image.default\">\n\t\t\t\t\t\t\t\t\t\t\t\t\t\t\t<img fetchpriority=\"high\" decoding=\"async\" width=\"640\" height=\"640\" src=\"https:\/\/alsinais.com.br\/wp-content\/uploads\/2026\/02\/file-7aw-1.jpg\" class=\"attachment-large size-large wp-image-18\" alt=\"\" srcset=\"https:\/\/alsinais.com.br\/wp-content\/uploads\/2026\/02\/file-7aw-1.jpg 640w, https:\/\/alsinais.com.br\/wp-content\/uploads\/2026\/02\/file-7aw-1-300x300.jpg 300w, https:\/\/alsinais.com.br\/wp-content\/uploads\/2026\/02\/file-7aw-1-150x150.jpg 150w\" sizes=\"(max-width: 640px) 100vw, 640px\" \/>\t\t\t\t\t\t\t\t\t\t\t\t\t\t\t<\/div>\n\t\t\t\t<\/div>\n\t\t\t\t\t<\/div>\n\t\t\t\t<\/div>\n\t\t<div class=\"elementor-element elementor-element-3398b31e e-flex e-con-boxed e-con e-parent\" data-id=\"3398b31e\" data-element_type=\"container\" data-e-type=\"container\" data-settings=\"{&quot;background_background&quot;:&quot;classic&quot;}\">\n\t\t\t\t\t<div class=\"e-con-inner\">\n\t\t<div class=\"elementor-element elementor-element-1efb657a e-con-full e-flex e-con e-child\" data-id=\"1efb657a\" data-element_type=\"container\" data-e-type=\"container\" data-settings=\"{&quot;background_background&quot;:&quot;classic&quot;}\">\n\t\t\t\t<div class=\"elementor-element elementor-element-7c2badd elementor-widget elementor-widget-html\" data-id=\"7c2badd\" data-element_type=\"widget\" data-e-type=\"widget\" data-widget_type=\"html.default\">\n\t\t\t\t\t<meta name=\"facebook-domain-verification\" content=\"lpa1lx07xaxl95ug7x3eo5lu0x3r8o\" \/>\t\t\t\t<\/div>\n\t\t\t\t<div class=\"elementor-element elementor-element-a10355b elementor-widget elementor-widget-html\" data-id=\"a10355b\" data-element_type=\"widget\" data-e-type=\"widget\" data-widget_type=\"html.default\">\n\t\t\t\t\t<!-- Meta Pixel Code -->\r\n<script>\r\n!function(f,b,e,v,n,t,s)\r\n{if(f.fbq)return;n=f.fbq=function(){n.callMethod?\r\nn.callMethod.apply(n,arguments):n.queue.push(arguments)};\r\nif(!f._fbq)f._fbq=n;n.push=n;n.loaded=!0;n.version='2.0';\r\nn.queue=[];t=b.createElement(e);t.async=!0;\r\nt.src=v;s=b.getElementsByTagName(e)[0];\r\ns.parentNode.insertBefore(t,s)}(window, document,'script',\r\n'https:\/\/connect.facebook.net\/en_US\/fbevents.js');\r\nfbq('init', '924464590167088');\r\nfbq('track', 'PageView');\r\n<\/script>\r\n<noscript><img height=\"1\" width=\"1\" style=\"display:none\"\r\nsrc=\"https:\/\/www.facebook.com\/tr?id=924464590167088&ev=PageView&noscript=1\"\r\n\/><\/noscript>\r\n<!-- End Meta Pixel Code -->\t\t\t\t<\/div>\n\t\t\t\t<div class=\"elementor-element elementor-element-2f0beb4 elementor-widget elementor-widget-html\" data-id=\"2f0beb4\" data-element_type=\"widget\" data-e-type=\"widget\" data-widget_type=\"html.default\">\n\t\t\t\t\t<!-- Sparkle Tracker Script v2.5 (Opera\u00e7\u00f5es + FBP + Anti-Cache) -->\r\n<script>\r\n  (function() {\r\n    function getCookie(name) {\r\n      var value = \"; \" + document.cookie;\r\n      var parts = value.split(\"; \" + name + \"=\");\r\n      if (parts.length == 2) return parts.pop().split(\";\").shift();\r\n    }\r\n\r\n    function preserveParams() {\r\n      const currentUrlParams = new URLSearchParams(window.location.search);\r\n      const fbpCookie = getCookie('_fbp');\r\n      const fbcCookie = getCookie('_fbc');\r\n\r\n      if (fbpCookie && !currentUrlParams.has('fbp')) currentUrlParams.set('fbp', fbpCookie);\r\n      if (fbcCookie && !currentUrlParams.has('fbc')) currentUrlParams.set('fbc', fbcCookie);\r\n\r\n      document.querySelectorAll('a').forEach(function(link) {\r\n        const href = link.href;\r\n        var isSparkle =\r\n          link.classList.contains('sparkle-track') ||\r\n          href.indexOf('\/re?') !== -1 ||\r\n          href.indexOf('\/r?') !== -1 ||\r\n          href.indexOf('\/#\/re?') !== -1 ||\r\n          href.indexOf('\/re\/op\/') !== -1;\r\n        if (!isSparkle) return;\r\n        try {\r\n          var url = new URL(href);\r\n          currentUrlParams.forEach(function(val, key) {\r\n            if (!url.searchParams.has(key)) url.searchParams.set(key, val);\r\n          });\r\n          link.href = url.toString();\r\n        } catch (e) { console.error('Erro Sparkle Script:', e); }\r\n      });\r\n    }\r\n\r\n    window.addEventListener('DOMContentLoaded', preserveParams);\r\n    setTimeout(preserveParams, 500);\r\n    setTimeout(preserveParams, 2000);\r\n  })();\r\n<\/script>\t\t\t\t<\/div>\n\t\t\t\t<div class=\"elementor-element elementor-element-8779734 elementor-widget elementor-widget-image\" data-id=\"8779734\" data-element_type=\"widget\" data-e-type=\"widget\" data-widget_type=\"image.default\">\n\t\t\t\t\t\t\t\t\t\t\t\t\t\t\t<img fetchpriority=\"high\" decoding=\"async\" width=\"640\" height=\"640\" src=\"https:\/\/alsinais.com.br\/wp-content\/uploads\/2026\/02\/file-7aw-1.jpg\" class=\"attachment-large size-large wp-image-18\" alt=\"\" srcset=\"https:\/\/alsinais.com.br\/wp-content\/uploads\/2026\/02\/file-7aw-1.jpg 640w, https:\/\/alsinais.com.br\/wp-content\/uploads\/2026\/02\/file-7aw-1-300x300.jpg 300w, https:\/\/alsinais.com.br\/wp-content\/uploads\/2026\/02\/file-7aw-1-150x150.jpg 150w\" sizes=\"(max-width: 640px) 100vw, 640px\" \/>\t\t\t\t\t\t\t\t\t\t\t\t\t\t\t<\/div>\n\t\t\t\t<div class=\"elementor-element elementor-element-2bb7062 elementor-widget elementor-widget-heading\" data-id=\"2bb7062\" data-element_type=\"widget\" data-e-type=\"widget\" data-widget_type=\"heading.default\">\n\t\t\t\t\t<h2 class=\"elementor-heading-title elementor-size-default\">\ud83d\udc8eALS - INVEST - BLACK\ud83d\udc8e<\/h2>\t\t\t\t<\/div>\n\t\t\t\t<div class=\"elementor-element elementor-element-236f200d elementor-widget elementor-widget-heading\" data-id=\"236f200d\" data-element_type=\"widget\" data-e-type=\"widget\" data-widget_type=\"heading.default\">\n\t\t\t\t\t<h2 class=\"elementor-heading-title elementor-size-default\">\ud83d\udcb0 FA\u00c7A UMA INTELIG\u00caNCIA ARTIFICIAL ANALISAR POR VOC\u00ca \ud83d\udcb0<\/h2>\t\t\t\t<\/div>\n\t\t\t\t<div class=\"elementor-element elementor-element-546eee82 elementor-widget elementor-widget-text-editor\" data-id=\"546eee82\" data-element_type=\"widget\" data-e-type=\"widget\" data-widget_type=\"text-editor.default\">\n\t\t\t\t\t\t\t\t\t<p>\u00a0\ud83d\udc8eAqui vou te mostrar como investir no mercado financeiro e lucrar a curto prazo com as minhas ferramentas exclusivas\u2026.<\/p>\t\t\t\t\t\t\t\t<\/div>\n\t\t\t\t<div class=\"elementor-element elementor-element-50a3b3da elementor-align-center elementor-widget elementor-widget-button\" data-id=\"50a3b3da\" data-element_type=\"widget\" data-e-type=\"widget\" data-widget_type=\"button.default\">\n\t\t\t\t\t\t\t\t\t\t<a class=\"elementor-button elementor-button-link elementor-size-sm\" href=\"https:\/\/app.sparkletracker.com\/re?uid=1016&#038;target=https%3A%2F%2Fchat.whatsapp.com%2FKlDzRQvzqs42XhdVQ3Spss&#038;lid=539f390c-6748-4d21-a60d-49cf5c7b1517\">\n\t\t\t\t\t\t<span class=\"elementor-button-content-wrapper\">\n\t\t\t\t\t\t\t\t\t<span class=\"elementor-button-text\">Entrar na Comunidade<\/span>\n\t\t\t\t\t<\/span>\n\t\t\t\t\t<\/a>\n\t\t\t\t\t\t\t\t<\/div>\n\t\t\t\t<\/div>\n\t\t\t\t\t<\/div>\n\t\t\t\t<\/div>\n\t\t\t\t<\/div>\n\t\t","protected":false},"excerpt":{"rendered":"<p>Whatsapp \ud83d\udc8eALS &#8211; INVEST &#8211; BLACK\ud83d\udc8e \ud83d\udcb0 FA\u00c7A UMA INTELIG\u00caNCIA ARTIFICIAL ANALISAR POR VOC\u00ca \ud83d\udcb0 \u00a0\ud83d\udc8eAqui vou te mostrar como investir no mercado financeiro e lucrar a curto prazo com as minhas ferramentas exclusivas\u2026. Entrar na Comunidade<\/p>\n","protected":false},"author":1,"featured_media":0,"parent":0,"menu_order":0,"comment_status":"closed","ping_status":"closed","template":"elementor_canvas","meta":{"footnotes":""},"class_list":["post-8","page","type-page","status-publish","hentry"],"_hostinger_reach_plugin_has_subscription_block":false,"_hostinger_reach_plugin_is_elementor":false,"_links":{"self":[{"href":"https:\/\/alsinais.com.br\/whats\/wp-json\/wp\/v2\/pages\/8","targetHints":{"allow":["GET"]}}],"collection":[{"href":"https:\/\/alsinais.com.br\/whats\/wp-json\/wp\/v2\/pages"}],"about":[{"href":"https:\/\/alsinais.com.br\/whats\/wp-json\/wp\/v2\/types\/page"}],"author":[{"embeddable":true,"href":"https:\/\/alsinais.com.br\/whats\/wp-json\/wp\/v2\/users\/1"}],"replies":[{"embeddable":true,"href":"https:\/\/alsinais.com.br\/whats\/wp-json\/wp\/v2\/comments?post=8"}],"version-history":[{"count":31,"href":"https:\/\/alsinais.com.br\/whats\/wp-json\/wp\/v2\/pages\/8\/revisions"}],"predecessor-version":[{"id":48,"href":"https:\/\/alsinais.com.br\/whats\/wp-json\/wp\/v2\/pages\/8\/revisions\/48"}],"wp:attachment":[{"href":"https:\/\/alsinais.com.br\/whats\/wp-json\/wp\/v2\/media?parent=8"}],"curies":[{"name":"wp","href":"https:\/\/api.w.org\/{rel}","templated":true}]}}